{"id":846,"date":"2021-11-10T12:59:27","date_gmt":"2021-11-10T11:59:27","guid":{"rendered":"https:\/\/vfwg.info\/ijhp-international-journal-of-health-professions\/"},"modified":"2026-01-08T14:49:43","modified_gmt":"2026-01-08T13:49:43","slug":"ijhp-international-journal-of-health-professions","status":"publish","type":"page","link":"https:\/\/vfwg.info\/en\/ijhp-international-journal-of-health-professions\/","title":{"rendered":"IJHP &#8211; International Journal of Health Professions"},"content":{"rendered":"<div class='flex_column_table av-q9gsx-fabbbaca4441e4e1d2e45734d73f6f7d sc-av_one_fourth av-equal-height-column-flextable'>\n<style type=\"text\/css\" data-created_by=\"avia_inline_auto\" id=\"style-css-av-q9gsx-fabbbaca4441e4e1d2e45734d73f6f7d\">\n.flex_column.av-q9gsx-fabbbaca4441e4e1d2e45734d73f6f7d{\nborder-radius:0px 0px 0px 0px;\npadding:0px 0px 0px 0px;\n}\n<\/style>\n<div  class='flex_column av-q9gsx-fabbbaca4441e4e1d2e45734d73f6f7d av_one_fourth  avia-builder-el-0  el_before_av_three_fourth  avia-builder-el-first  first flex_column_table_cell av-equal-height-column av-align-middle av-hide-on-mobile av-zero-column-padding  '     ><div  class='avia-icon-list-container av-kvtbdkeb-32c2ee83c5fe52ad70dd42b1c1b97738  avia-builder-el-1  avia-builder-el-no-sibling  av-medium-hide av-small-hide av-mini-hide'><ul class='avia-icon-list avia_animate_when_almost_visible avia-icon-list-left av-iconlist-small av-kvtbdkeb-32c2ee83c5fe52ad70dd42b1c1b97738 avia-iconlist-animate'>\n<li><div class='iconlist_icon av-kvtbcgsd-de3d488cf0431f6ef2a483bdc5284b4e avia-font-entypo-fontello avia-iconfont avia-font-entypo-fontello'><span class='av-icon-char' data-av_icon='\ue8bd' data-av_iconfont='entypo-fontello' aria-hidden=\"true\"><\/span><\/div><article class=\"article-icon-entry av-iconlist-empty\"  itemscope=\"itemscope\" itemtype=\"https:\/\/schema.org\/CreativeWork\" ><div class=\"iconlist_content_wrap\"><header class=\"entry-content-header\" aria-label=\"Icon: &lt;a href=&#039;https:\/\/reference-global.com\/issue\/IJHP\/12\/1&#039; title=&#039;Go to last volume&#039; target=&quot;_blank&quot;  rel=&quot;noopener noreferrer&quot;&gt;Go to last volume&lt;\/a&gt;\"><div class='av_iconlist_title iconlist_title_small  '  itemprop=\"headline\" ><a href='https:\/\/reference-global.com\/issue\/IJHP\/12\/1' title='Go to last volume' target=\"_blank\"  rel=\"noopener noreferrer\">Go to last volume<\/a><\/div><\/header><div class='iconlist_content '  itemprop=\"text\" ><\/div><\/div><footer class=\"entry-footer\"><\/footer><\/article><div class=\"iconlist-timeline\"><\/div><\/li>\n<li><div class='iconlist_icon av-kvtbbsj0-615cee30ddbe3111b61d411a83e64578 avia-font-entypo-fontello avia-iconfont avia-font-entypo-fontello'><span class='av-icon-char' data-av_icon='\ue8bd' data-av_iconfont='entypo-fontello' aria-hidden=\"true\"><\/span><\/div><article class=\"article-icon-entry av-iconlist-empty\"  itemscope=\"itemscope\" itemtype=\"https:\/\/schema.org\/CreativeWork\" ><div class=\"iconlist_content_wrap\"><header class=\"entry-content-header\" aria-label=\"Icon: &lt;a href=&#039;https:\/\/ijhp.info\/en\/&#039; title=&#039;Journal Website&#039; target=&quot;_blank&quot;  rel=&quot;noopener noreferrer&quot;&gt;Journal Website&lt;\/a&gt;\"><div class='av_iconlist_title iconlist_title_small  '  itemprop=\"headline\" ><a href='https:\/\/ijhp.info\/en\/' title='Journal Website' target=\"_blank\"  rel=\"noopener noreferrer\">Journal Website<\/a><\/div><\/header><div class='iconlist_content '  itemprop=\"text\" ><\/div><\/div><footer class=\"entry-footer\"><\/footer><\/article><div class=\"iconlist-timeline\"><\/div><\/li>\n<li><div class='iconlist_icon av-kvtbdhay-c2450511dade6aeb5ad36a445de790b6 avia-font-entypo-fontello avia-iconfont avia-font-entypo-fontello'><span class='av-icon-char' data-av_icon='\ue8bd' data-av_iconfont='entypo-fontello' aria-hidden=\"true\"><\/span><\/div><article class=\"article-icon-entry av-iconlist-empty\"  itemscope=\"itemscope\" itemtype=\"https:\/\/schema.org\/CreativeWork\" ><div class=\"iconlist_content_wrap\"><header class=\"entry-content-header\" aria-label=\"Icon: &lt;a href=&#039;mailto:ijhp.health@zhaw.ch&#039; title=&#039;Contact Editors-in-Chief &#039;&gt;Contact Editors-in-Chief &lt;\/a&gt;\"><div class='av_iconlist_title iconlist_title_small  '  itemprop=\"headline\" ><a href='mailto:ijhp.health@zhaw.ch' title='Contact Editors-in-Chief '>Contact Editors-in-Chief <\/a><\/div><\/header><div class='iconlist_content '  itemprop=\"text\" ><\/div><\/div><footer class=\"entry-footer\"><\/footer><\/article><div class=\"iconlist-timeline\"><\/div><\/li>\n<\/ul><\/div><\/div><div class='av-flex-placeholder'><\/div>\n<style type=\"text\/css\" data-created_by=\"avia_inline_auto\" id=\"style-css-av-luy0h-514be69db02d1b2c3120cafbf58d1ec6\">\n.flex_column.av-luy0h-514be69db02d1b2c3120cafbf58d1ec6{\nborder-radius:0px 0px 0px 0px;\npadding:0px 0px 0px 0px;\n}\n<\/style>\n<div  class='flex_column av-luy0h-514be69db02d1b2c3120cafbf58d1ec6 av_three_fourth  avia-builder-el-2  el_after_av_one_fourth  el_before_av_one_fourth  flex_column_table_cell av-equal-height-column av-align-middle av-zero-column-padding  '     ><section  class='av_textblock_section av-kvtb4ksd-af4d1fb0a125bef7dbb93cf4b1be5ef7 '   itemscope=\"itemscope\" itemtype=\"https:\/\/schema.org\/CreativeWork\" ><div class='avia_textblock'  itemprop=\"text\" ><h1 class=\"featured-subtitle\" style=\"text-align: left;\">International Journal of Health Professions<\/h1>\n<\/div><\/section><\/div><\/div><!--close column table wrapper. Autoclose: 1 --><\/p>\n<div class='flex_column_table av-fjweh-9d57f4ef42f8bb1b6ae7c7842cb50472 sc-av_one_fourth av-break-at-tablet-flextable av-equal-height-column-flextable'>\n<style type=\"text\/css\" data-created_by=\"avia_inline_auto\" id=\"style-css-av-fjweh-9d57f4ef42f8bb1b6ae7c7842cb50472\">\n.flex_column.av-fjweh-9d57f4ef42f8bb1b6ae7c7842cb50472{\nborder-radius:0px 0px 0px 0px;\npadding:10px 0px 0px 0px;\n}\n<\/style>\n<div  class='flex_column av-fjweh-9d57f4ef42f8bb1b6ae7c7842cb50472 av_one_fourth  avia-builder-el-4  el_after_av_three_fourth  el_before_av_three_fourth  first av-break-at-tablet flex_column_table_cell av-equal-height-column av-align-top  column-top-margin'     ><p>\n<style type=\"text\/css\" data-created_by=\"avia_inline_auto\" id=\"style-css-av-kvtb55gr-c20d65622e9e6eccb2b9f2950e08caef\">\n.avia-image-container.av-kvtb55gr-c20d65622e9e6eccb2b9f2950e08caef img.avia_image{\nbox-shadow:none;\n}\n.avia-image-container.av-kvtb55gr-c20d65622e9e6eccb2b9f2950e08caef .av-image-caption-overlay-center{\ncolor:#ffffff;\n}\n<\/style>\n<div  class='avia-image-container av-kvtb55gr-c20d65622e9e6eccb2b9f2950e08caef av-styling- avia-align-center  avia-builder-el-5  el_before_av_iconlist  avia-builder-el-first '   itemprop=\"image\" itemscope=\"itemscope\" itemtype=\"https:\/\/schema.org\/ImageObject\" ><div class=\"avia-image-container-inner\"><div class=\"avia-image-overlay-wrap\"><img decoding=\"async\" fetchpriority=\"high\" class='wp-image-424 avia-img-lazy-loading-not-424 avia_image ' src=\"https:\/\/vfwg.info\/wp-content\/uploads\/2019\/04\/ijhp_word-cloud_international-journal-of-health-professions.jpg\" alt='Word Cloud of the IJHP - the International Journal of Health Professions' title='IJHP word cloud'  height=\"373\" width=\"300\"  itemprop=\"thumbnailUrl\" srcset=\"https:\/\/vfwg.info\/wp-content\/uploads\/2019\/04\/ijhp_word-cloud_international-journal-of-health-professions.jpg 300w, https:\/\/vfwg.info\/wp-content\/uploads\/2019\/04\/ijhp_word-cloud_international-journal-of-health-professions-241x300.jpg 241w\" sizes=\"(max-width: 300px) 100vw, 300px\" \/><\/div><\/div><\/div><br \/>\n<div  class='avia-icon-list-container av-kwnmnn5t-a1ca218802cf382fe6f5955e2755f1b8  avia-builder-el-6  el_after_av_image  avia-builder-el-last  av-medium-hide av-small-hide av-mini-hide'><ul class='avia-icon-list avia_animate_when_almost_visible avia-icon-list-left av-iconlist-small av-kwnmnn5t-a1ca218802cf382fe6f5955e2755f1b8 avia-iconlist-animate'>\n<li><div class='iconlist_icon av-kwnmm9fb-f9366e6e03f7864b5b6da9f477929064 avia-font-entypo-fontello avia-iconfont avia-font-entypo-fontello'><span class='av-icon-char' data-av_icon='\ue8bd' data-av_iconfont='entypo-fontello' aria-hidden=\"true\"><\/span><\/div><article class=\"article-icon-entry av-iconlist-empty\"  itemscope=\"itemscope\" itemtype=\"https:\/\/schema.org\/CreativeWork\" ><div class=\"iconlist_content_wrap\"><header class=\"entry-content-header\" aria-label=\"Icon: Open Access\"><div class='av_iconlist_title iconlist_title_small  '  itemprop=\"headline\" >Open Access<\/div><\/header><div class='iconlist_content '  itemprop=\"text\" ><\/div><\/div><footer class=\"entry-footer\"><\/footer><\/article><div class=\"iconlist-timeline\"><\/div><\/li>\n<li><div class='iconlist_icon av-kwnmmy5z-030a818337530f70e56ef55fbb659366 avia-font-entypo-fontello avia-iconfont avia-font-entypo-fontello'><span class='av-icon-char' data-av_icon='\ue8bd' data-av_iconfont='entypo-fontello' aria-hidden=\"true\"><\/span><\/div><article class=\"article-icon-entry av-iconlist-empty\"  itemscope=\"itemscope\" itemtype=\"https:\/\/schema.org\/CreativeWork\" ><div class=\"iconlist_content_wrap\"><header class=\"entry-content-header\" aria-label=\"Icon: Abstracting and indexing services\"><div class='av_iconlist_title iconlist_title_small  '  itemprop=\"headline\" >Abstracting and indexing services<\/div><\/header><div class='iconlist_content '  itemprop=\"text\" ><\/div><\/div><footer class=\"entry-footer\"><\/footer><\/article><div class=\"iconlist-timeline\"><\/div><\/li>\n<li><div class='iconlist_icon av-kwnmn7or-a5d297837bee86b2906a84c9516e0a8b avia-font-entypo-fontello avia-iconfont avia-font-entypo-fontello'><span class='av-icon-char' data-av_icon='\ue8bd' data-av_iconfont='entypo-fontello' aria-hidden=\"true\"><\/span><\/div><article class=\"article-icon-entry av-iconlist-empty\"  itemscope=\"itemscope\" itemtype=\"https:\/\/schema.org\/CreativeWork\" ><div class=\"iconlist_content_wrap\"><header class=\"entry-content-header\" aria-label=\"Icon: Peer reviewed\"><div class='av_iconlist_title iconlist_title_small  '  itemprop=\"headline\" >Peer reviewed<\/div><\/header><div class='iconlist_content '  itemprop=\"text\" ><\/div><\/div><footer class=\"entry-footer\"><\/footer><\/article><div class=\"iconlist-timeline\"><\/div><\/li>\n<li><div class='iconlist_icon av-kwnmn7or-1-85ccc8c50683781166d5913d5cd96764 avia-font-entypo-fontello avia-iconfont avia-font-entypo-fontello'><span class='av-icon-char' data-av_icon='\ue8bd' data-av_iconfont='entypo-fontello' aria-hidden=\"true\"><\/span><\/div><article class=\"article-icon-entry av-iconlist-empty\"  itemscope=\"itemscope\" itemtype=\"https:\/\/schema.org\/CreativeWork\" ><div class=\"iconlist_content_wrap\"><header class=\"entry-content-header\" aria-label=\"Icon: No publication fee\"><div class='av_iconlist_title iconlist_title_small  '  itemprop=\"headline\" >No publication fee<\/div><\/header><div class='iconlist_content '  itemprop=\"text\" ><\/div><\/div><footer class=\"entry-footer\"><\/footer><\/article><div class=\"iconlist-timeline\"><\/div><\/li>\n<\/ul><\/div><\/p><\/div>\n<div class='av-flex-placeholder'><\/div>\n<style type=\"text\/css\" data-created_by=\"avia_inline_auto\" id=\"style-css-av-13o6w1-d1af1ea1b174908272374f6b336a424a\">\n.flex_column.av-13o6w1-d1af1ea1b174908272374f6b336a424a{\nborder-radius:0px 0px 0px 0px;\npadding:0px 0px 0px 0px;\n}\n<\/style>\n<div  class='flex_column av-13o6w1-d1af1ea1b174908272374f6b336a424a av_three_fourth  avia-builder-el-7  el_after_av_one_fourth  avia-builder-el-last  av-break-at-tablet flex_column_table_cell av-equal-height-column av-align-top av-zero-column-padding  column-top-margin'     ><p><section  class='av_textblock_section av-kw3eosja-3891c4f3cbc32239f693e827792925c2 '   itemscope=\"itemscope\" itemtype=\"https:\/\/schema.org\/CreativeWork\" ><div class='avia_textblock'  itemprop=\"text\" ><p>The VFWG is the owner of the International Journal of Health Professions.<\/p>\n<p>The IJHP is a scientific journal focusing on interdisciplinary and interprofessional topics of the health professions in research, teaching, and practice.<\/p>\n<p>The IJHP accepts articles in German and English and publishes them online open access.<\/p>\n<p>Submitted articles undergo a peer-review process with two independent experts.<\/p>\n<p>The VFWG supports the publication activities of young academics in the health professions by publishing articles in the IJHP free of charge.<\/p>\n<\/div><\/section><br \/>\n<div  class='avia-button-wrap av-s1an5-883d668ba5007a08f259a88224dfbd62-wrap avia-button-left  avia-builder-el-9  el_after_av_textblock  el_before_av_hr '><a href='https:\/\/ijhp.info\/en\/'  class='avia-button av-s1an5-883d668ba5007a08f259a88224dfbd62 av-link-btn avia-icon_select-no avia-size-large avia-position-left avia-color-theme-color'  target=\"_blank\"  rel=\"noopener noreferrer\"  aria-label=\"Journal Website\"><span class='avia_iconbox_title' >Journal Website<\/span><\/a><\/div><br \/>\n\n<style type=\"text\/css\" data-created_by=\"avia_inline_auto\" id=\"style-css-av-k8fj5-2f77a2bea44f1e29bed465977ae40694\">\n#top .hr.hr-invisible.av-k8fj5-2f77a2bea44f1e29bed465977ae40694{\nheight:10px;\n}\n<\/style>\n<div  class='hr av-k8fj5-2f77a2bea44f1e29bed465977ae40694 hr-invisible  avia-builder-el-10  el_after_av_button  el_before_av_button '><span class='hr-inner '><span class=\"hr-inner-style\"><\/span><\/span><\/div><br \/>\n<div  class='avia-button-wrap av-ckxbl-20324510887f186eb13863317eca49c4-wrap avia-button-left  avia-builder-el-11  el_after_av_hr  el_before_av_textblock '><a href='https:\/\/reference-global.com\/issue\/IJHP\/12\/1'  class='avia-button av-ckxbl-20324510887f186eb13863317eca49c4 av-link-btn avia-icon_select-no avia-size-large avia-position-left avia-color-theme-color'  target=\"_blank\"  rel=\"noopener noreferrer\"  aria-label=\"Go to Volume 12 (2025)\"><span class='avia_iconbox_title' >Go to Volume 12 (2025)<\/span><\/a><\/div><br \/>\n<section  class='av_textblock_section av-9sxs9-12d5505eeb56b35c166129d0c8d8051c '   itemscope=\"itemscope\" itemtype=\"https:\/\/schema.org\/CreativeWork\" ><div class='avia_textblock'  itemprop=\"text\" ><p><strong>Support the IJHP as a reviewer!<\/strong> If you are interested and have the capacity for reviewing, please contact the Editors-in-Chief <a href=\"mailto:ijhp.health@zhaw.ch\">Editors-in-Chief<\/a>.<\/p>\n<\/div><\/section><\/p><\/div><\/div><!--close column table wrapper. Autoclose: 1 -->\n","protected":false},"excerpt":{"rendered":"","protected":false},"author":7,"featured_media":0,"parent":0,"menu_order":0,"comment_status":"closed","ping_status":"closed","template":"","meta":{"footnotes":""},"class_list":["post-846","page","type-page","status-publish","hentry"],"yoast_head":"<!-- This site is optimized with the Yoast SEO plugin v27.3 - https:\/\/yoast.com\/product\/yoast-seo-wordpress\/ -->\n<title>IJHP - International Journal of Health Professions - VFWG - Association for the Promotion of Science in the Health Professions<\/title>\n<meta name=\"description\" content=\"Informieren Sie sich \u00fcber Ziele, Aktivit\u00e4ten und Strategie des Vereins zur F\u00f6rderung der Wissenschaft in den Gesundheitsberufen (VFWG).\" \/>\n<meta name=\"robots\" content=\"index, follow, max-snippet:-1, max-image-preview:large, max-video-preview:-1\" \/>\n<link rel=\"canonical\" href=\"https:\/\/vfwg.info\/ijhp\/\" \/>\n<meta property=\"og:locale\" content=\"en_US\" \/>\n<meta property=\"og:type\" content=\"article\" \/>\n<meta property=\"og:title\" content=\"IJHP - International Journal of Health Professions - VFWG - Association for the Promotion of Science in the Health Professions\" \/>\n<meta property=\"og:description\" content=\"Informieren Sie sich \u00fcber Ziele, Aktivit\u00e4ten und Strategie des Vereins zur F\u00f6rderung der Wissenschaft in den Gesundheitsberufen (VFWG).\" \/>\n<meta property=\"og:url\" content=\"https:\/\/vfwg.info\/ijhp\/\" \/>\n<meta property=\"og:site_name\" content=\"VFWG - Association for the Promotion of Science in the Health Professions\" \/>\n<meta property=\"article:modified_time\" content=\"2026-01-08T13:49:43+00:00\" \/>\n<meta name=\"twitter:card\" content=\"summary_large_image\" \/>\n<meta name=\"twitter:label1\" content=\"Est. reading time\" \/>\n\t<meta name=\"twitter:data1\" content=\"11 minutes\" \/>\n<script type=\"application\/ld+json\" class=\"yoast-schema-graph\">{\"@context\":\"https:\\\/\\\/schema.org\",\"@graph\":[{\"@type\":\"WebPage\",\"@id\":\"https:\\\/\\\/vfwg.info\\\/ijhp\\\/\",\"url\":\"https:\\\/\\\/vfwg.info\\\/ijhp\\\/\",\"name\":\"IJHP - International Journal of Health Professions - VFWG - Association for the Promotion of Science in the Health Professions\",\"isPartOf\":{\"@id\":\"https:\\\/\\\/vfwg.info\\\/#website\"},\"datePublished\":\"2021-11-10T11:59:27+00:00\",\"dateModified\":\"2026-01-08T13:49:43+00:00\",\"description\":\"Informieren Sie sich \u00fcber Ziele, Aktivit\u00e4ten und Strategie des Vereins zur F\u00f6rderung der Wissenschaft in den Gesundheitsberufen (VFWG).\",\"breadcrumb\":{\"@id\":\"https:\\\/\\\/vfwg.info\\\/ijhp\\\/#breadcrumb\"},\"inLanguage\":\"en-US\",\"potentialAction\":[{\"@type\":\"ReadAction\",\"target\":[\"https:\\\/\\\/vfwg.info\\\/ijhp\\\/\"]}]},{\"@type\":\"BreadcrumbList\",\"@id\":\"https:\\\/\\\/vfwg.info\\\/ijhp\\\/#breadcrumb\",\"itemListElement\":[{\"@type\":\"ListItem\",\"position\":1,\"name\":\"Startseite\",\"item\":\"https:\\\/\\\/vfwg.info\\\/\"},{\"@type\":\"ListItem\",\"position\":2,\"name\":\"IJHP &#8211; International Journal of Health Professions\"}]},{\"@type\":\"WebSite\",\"@id\":\"https:\\\/\\\/vfwg.info\\\/#website\",\"url\":\"https:\\\/\\\/vfwg.info\\\/\",\"name\":\"VFWG - Association for the Promotion of Science in the Health Professions\",\"description\":\"VFWG - promoting scientific research\",\"publisher\":{\"@id\":\"https:\\\/\\\/vfwg.info\\\/#organization\"},\"potentialAction\":[{\"@type\":\"SearchAction\",\"target\":{\"@type\":\"EntryPoint\",\"urlTemplate\":\"https:\\\/\\\/vfwg.info\\\/?s={search_term_string}\"},\"query-input\":{\"@type\":\"PropertyValueSpecification\",\"valueRequired\":true,\"valueName\":\"search_term_string\"}}],\"inLanguage\":\"en-US\"},{\"@type\":\"Organization\",\"@id\":\"https:\\\/\\\/vfwg.info\\\/#organization\",\"name\":\"VFWG - Verein zur F\u00f6rderung der Wissenschaft in den Gesundheitsberufen\",\"url\":\"https:\\\/\\\/vfwg.info\\\/\",\"logo\":{\"@type\":\"ImageObject\",\"inLanguage\":\"en-US\",\"@id\":\"https:\\\/\\\/vfwg.info\\\/#\\\/schema\\\/logo\\\/image\\\/\",\"url\":\"https:\\\/\\\/vfwg.info\\\/wp-content\\\/uploads\\\/2021\\\/11\\\/vfwg-logo-1500-750.png\",\"contentUrl\":\"https:\\\/\\\/vfwg.info\\\/wp-content\\\/uploads\\\/2021\\\/11\\\/vfwg-logo-1500-750.png\",\"width\":1500,\"height\":750,\"caption\":\"VFWG - Verein zur F\u00f6rderung der Wissenschaft in den Gesundheitsberufen\"},\"image\":{\"@id\":\"https:\\\/\\\/vfwg.info\\\/#\\\/schema\\\/logo\\\/image\\\/\"}}]}<\/script>\n<!-- \/ Yoast SEO plugin. -->","yoast_head_json":{"title":"IJHP - International Journal of Health Professions - VFWG - Association for the Promotion of Science in the Health Professions","description":"Informieren Sie sich \u00fcber Ziele, Aktivit\u00e4ten und Strategie des Vereins zur F\u00f6rderung der Wissenschaft in den Gesundheitsberufen (VFWG).","robots":{"index":"index","follow":"follow","max-snippet":"max-snippet:-1","max-image-preview":"max-image-preview:large","max-video-preview":"max-video-preview:-1"},"canonical":"https:\/\/vfwg.info\/ijhp\/","og_locale":"en_US","og_type":"article","og_title":"IJHP - International Journal of Health Professions - VFWG - Association for the Promotion of Science in the Health Professions","og_description":"Informieren Sie sich \u00fcber Ziele, Aktivit\u00e4ten und Strategie des Vereins zur F\u00f6rderung der Wissenschaft in den Gesundheitsberufen (VFWG).","og_url":"https:\/\/vfwg.info\/ijhp\/","og_site_name":"VFWG - Association for the Promotion of Science in the Health Professions","article_modified_time":"2026-01-08T13:49:43+00:00","twitter_card":"summary_large_image","twitter_misc":{"Est. reading time":"11 minutes"},"schema":{"@context":"https:\/\/schema.org","@graph":[{"@type":"WebPage","@id":"https:\/\/vfwg.info\/ijhp\/","url":"https:\/\/vfwg.info\/ijhp\/","name":"IJHP - International Journal of Health Professions - VFWG - Association for the Promotion of Science in the Health Professions","isPartOf":{"@id":"https:\/\/vfwg.info\/#website"},"datePublished":"2021-11-10T11:59:27+00:00","dateModified":"2026-01-08T13:49:43+00:00","description":"Informieren Sie sich \u00fcber Ziele, Aktivit\u00e4ten und Strategie des Vereins zur F\u00f6rderung der Wissenschaft in den Gesundheitsberufen (VFWG).","breadcrumb":{"@id":"https:\/\/vfwg.info\/ijhp\/#breadcrumb"},"inLanguage":"en-US","potentialAction":[{"@type":"ReadAction","target":["https:\/\/vfwg.info\/ijhp\/"]}]},{"@type":"BreadcrumbList","@id":"https:\/\/vfwg.info\/ijhp\/#breadcrumb","itemListElement":[{"@type":"ListItem","position":1,"name":"Startseite","item":"https:\/\/vfwg.info\/"},{"@type":"ListItem","position":2,"name":"IJHP &#8211; International Journal of Health Professions"}]},{"@type":"WebSite","@id":"https:\/\/vfwg.info\/#website","url":"https:\/\/vfwg.info\/","name":"VFWG - Association for the Promotion of Science in the Health Professions","description":"VFWG - promoting scientific research","publisher":{"@id":"https:\/\/vfwg.info\/#organization"},"potentialAction":[{"@type":"SearchAction","target":{"@type":"EntryPoint","urlTemplate":"https:\/\/vfwg.info\/?s={search_term_string}"},"query-input":{"@type":"PropertyValueSpecification","valueRequired":true,"valueName":"search_term_string"}}],"inLanguage":"en-US"},{"@type":"Organization","@id":"https:\/\/vfwg.info\/#organization","name":"VFWG - Verein zur F\u00f6rderung der Wissenschaft in den Gesundheitsberufen","url":"https:\/\/vfwg.info\/","logo":{"@type":"ImageObject","inLanguage":"en-US","@id":"https:\/\/vfwg.info\/#\/schema\/logo\/image\/","url":"https:\/\/vfwg.info\/wp-content\/uploads\/2021\/11\/vfwg-logo-1500-750.png","contentUrl":"https:\/\/vfwg.info\/wp-content\/uploads\/2021\/11\/vfwg-logo-1500-750.png","width":1500,"height":750,"caption":"VFWG - Verein zur F\u00f6rderung der Wissenschaft in den Gesundheitsberufen"},"image":{"@id":"https:\/\/vfwg.info\/#\/schema\/logo\/image\/"}}]}},"_links":{"self":[{"href":"https:\/\/vfwg.info\/en\/wp-json\/wp\/v2\/pages\/846","targetHints":{"allow":["GET"]}}],"collection":[{"href":"https:\/\/vfwg.info\/en\/wp-json\/wp\/v2\/pages"}],"about":[{"href":"https:\/\/vfwg.info\/en\/wp-json\/wp\/v2\/types\/page"}],"author":[{"embeddable":true,"href":"https:\/\/vfwg.info\/en\/wp-json\/wp\/v2\/users\/7"}],"replies":[{"embeddable":true,"href":"https:\/\/vfwg.info\/en\/wp-json\/wp\/v2\/comments?post=846"}],"version-history":[{"count":26,"href":"https:\/\/vfwg.info\/en\/wp-json\/wp\/v2\/pages\/846\/revisions"}],"predecessor-version":[{"id":1671,"href":"https:\/\/vfwg.info\/en\/wp-json\/wp\/v2\/pages\/846\/revisions\/1671"}],"wp:attachment":[{"href":"https:\/\/vfwg.info\/en\/wp-json\/wp\/v2\/media?parent=846"}],"curies":[{"name":"wp","href":"https:\/\/api.w.org\/{rel}","templated":true}]}}