{"id":857,"date":"2021-11-10T13:13:32","date_gmt":"2021-11-10T12:13:32","guid":{"rendered":"https:\/\/vfwg.info\/members\/"},"modified":"2023-10-05T08:53:10","modified_gmt":"2023-10-05T06:53:10","slug":"members","status":"publish","type":"page","link":"https:\/\/vfwg.info\/en\/members\/","title":{"rendered":"Members"},"content":{"rendered":"<div class='flex_column_table av-m4wxi-c5caadfa61c070d40f10edba4a2a6aad sc-av_three_fourth av-equal-height-column-flextable'>\n<style type=\"text\/css\" data-created_by=\"avia_inline_auto\" id=\"style-css-av-m4wxi-c5caadfa61c070d40f10edba4a2a6aad\">\n.flex_column.av-m4wxi-c5caadfa61c070d40f10edba4a2a6aad{\nborder-radius:0px 0px 0px 0px;\npadding:0px 0px 0px 0px;\n}\n<\/style>\n<div  class='flex_column av-m4wxi-c5caadfa61c070d40f10edba4a2a6aad av_three_fourth  avia-builder-el-0  el_before_av_one_fourth  avia-builder-el-first  first flex_column_table_cell av-equal-height-column av-align-top av-zero-column-padding  '     ><section  class='av_textblock_section av-kvthajko-d4f0d09f5e6c958964594c9f592ed7b7 '   itemscope=\"itemscope\" itemtype=\"https:\/\/schema.org\/CreativeWork\" ><div class='avia_textblock'  itemprop=\"text\" ><h1 class=\"featured-subtitle\" style=\"text-align: left;\">Members<\/h1>\n<p>The VFWG distinguishes between collective and individual members.<\/p>\n<p>Collective members have the right to vote in the assembly of the VFWG. Collective members can be any legal entity that actively supports the purpose of the association, especially universities with study programs for health professions, or professional associations. Membership fee for collective Members: \u20ac 200.- per year.<\/p>\n<p>Individual members without voting rights can be any natural person who supports the purpose of the association.<\/p>\n<p>Membership fee for individual members: \u20ac 50.- per year. For students and low earners the membership fee can be reduced to \u20ac 20.- or waived completely.<\/p>\n<p>Do you want to become a member? Send an email to <a href=\"mailto:vfwg.gesundheit@zhaw.ch\">vfwg.gesundheit@zhaw.ch<\/a><\/p>\n<\/div><\/section><\/div>\n<div class='av-flex-placeholder'><\/div>\n<style type=\"text\/css\" data-created_by=\"avia_inline_auto\" id=\"style-css-av-phjiu-2f65b4496d94ed10885f249bc664a8df\">\n.flex_column.av-phjiu-2f65b4496d94ed10885f249bc664a8df{\nborder-radius:0px 0px 0px 0px;\npadding:0px 0px 0px 0px;\n}\n<\/style>\n<div  class='flex_column av-phjiu-2f65b4496d94ed10885f249bc664a8df av_one_fourth  avia-builder-el-2  el_after_av_three_fourth  el_before_av_three_fourth  flex_column_table_cell av-equal-height-column av-align-top av-zero-column-padding  '     ><\/div><\/div><!--close column table wrapper. Autoclose: 1 -->\n<div class='flex_column_table av-kvtrtxql-2f421f6675ea849fa2e9a908492e80d5 sc-av_three_fourth av-equal-height-column-flextable'>\n<style type=\"text\/css\" data-created_by=\"avia_inline_auto\" id=\"style-css-av-kvtrtxql-2f421f6675ea849fa2e9a908492e80d5\">\n.flex_column.av-kvtrtxql-2f421f6675ea849fa2e9a908492e80d5{\nborder-radius:0px 0px 0px 0px;\npadding:0px 0px 0px 0px;\n}\n<\/style>\n<div  class='flex_column av-kvtrtxql-2f421f6675ea849fa2e9a908492e80d5 av_three_fourth  avia-builder-el-3  el_after_av_one_fourth  el_before_av_one_fourth  first flex_column_table_cell av-equal-height-column av-align-top av-zero-column-padding  column-top-margin'     ><div  class='hr av-fw192-494d05e96e36d2c613885de3351f18d9 hr-default  avia-builder-el-4  avia-builder-el-no-sibling '><span class='hr-inner '><span class=\"hr-inner-style\"><\/span><\/span><\/div><\/div>\n<div class='av-flex-placeholder'><\/div>\n<style type=\"text\/css\" data-created_by=\"avia_inline_auto\" id=\"style-css-av-6vc7i-fba64ef8a8923761a3ed559fa8266ec9\">\n.flex_column.av-6vc7i-fba64ef8a8923761a3ed559fa8266ec9{\nborder-radius:0px 0px 0px 0px;\npadding:0px 0px 0px 0px;\n}\n<\/style>\n<div  class='flex_column av-6vc7i-fba64ef8a8923761a3ed559fa8266ec9 av_one_fourth  avia-builder-el-5  el_after_av_three_fourth  el_before_av_three_fourth  flex_column_table_cell av-equal-height-column av-align-top av-zero-column-padding  column-top-margin'     ><\/div><\/div><!--close column table wrapper. Autoclose: 1 -->\n<div class='flex_column_table av-6p3o6-599d901f4a0e180e301fde8ba1b01ec6 sc-av_three_fourth av-equal-height-column-flextable'>\n<style type=\"text\/css\" data-created_by=\"avia_inline_auto\" id=\"style-css-av-6p3o6-599d901f4a0e180e301fde8ba1b01ec6\">\n.flex_column.av-6p3o6-599d901f4a0e180e301fde8ba1b01ec6{\nborder-radius:0px 0px 0px 0px;\npadding:0px 0px 0px 0px;\n}\n<\/style>\n<div  class='flex_column av-6p3o6-599d901f4a0e180e301fde8ba1b01ec6 av_three_fourth  avia-builder-el-6  el_after_av_one_fourth  el_before_av_one_fourth  first flex_column_table_cell av-equal-height-column av-align-top av-zero-column-padding  column-top-margin'     ><section  class='av_textblock_section av-kvthbj0v-75c793b705afa3571658a5386d075821 '   itemscope=\"itemscope\" itemtype=\"https:\/\/schema.org\/CreativeWork\" ><div class='avia_textblock'  itemprop=\"text\" ><h2 class=\"featured-subtitle\" style=\"text-align: left;\">Overview Collective members<\/h2>\n<ul>\n<li><a href=\"https:\/\/www.ash-berlin.eu\/\" target=\"_blank\" rel=\"noopener\">Alice Salomon Hochschule Berlin<\/a><\/li>\n<li><a href=\"https:\/\/bsph.charite.de\/\" target=\"_blank\" rel=\"noopener\">Berlin School of Public Health, Charit\u00e9 \u2013 Univerit\u00e4tsmedizin Berlin<\/a><\/li>\n<li><a href=\"https:\/\/www.kalaidos-fh.ch\/de-CH\/Ueber-die-Kalaidos-FH\/Fachbereich-Gesundheit\" target=\"_blank\" rel=\"noopener\">Careum Hochschule Gesundheit<\/a><\/li>\n<li><a href=\"https:\/\/www.zhaw.ch\/de\/gesundheit\/\" target=\"_blank\" rel=\"noopener\">Departement Gesundheit, Z\u00fcrcher Hochschule f\u00fcr Angewandte Wissenschaften (ZHAW)<\/a><\/li>\n<li><a href=\"https:\/\/www.unilu.ch\/fakultaeten\/gwm\/\" target=\"_blank\" rel=\"noopener\">Departement Gesundheitswissenschaften und Medizin, Universit\u00e4t Luzern<\/a><\/li>\n<li><a href=\"https:\/\/www.fh-joanneum.at\/hochschule\/departments\/gesundheitsstudien\/\" target=\"_blank\" rel=\"noopener\">Department f\u00fcr Gesundheitsstudien, FH Joanneum, Graz<\/a><\/li>\n<li><a href=\"https:\/\/www.fh-campuswien.ac.at\/departments\/gesundheitswissenschaften.html\" target=\"_blank\" rel=\"noopener\">Department Gesundheitswissenschaften, FH Campus Wien<\/a><\/li>\n<li><a href=\"https:\/\/www.gesundheit.bfh.ch\/\" target=\"_blank\" rel=\"noopener\">Departement Gesundheit, Berner Fachhochschule<\/a><\/li>\n<li><a href=\"https:\/\/www.supsi.ch\/home_en\/supsi\/organizzazione\/dipartimenti-scuole\/deass\" target=\"_blank\" rel=\"noopener\">Department of Business Economics, Health and Social Care, SUPSI-DEASS<\/a><\/li>\n<li><a href=\"https:\/\/www.dgre.org\/\" target=\"_blank\" rel=\"noopener\">Deutsche Gesellschaft f\u00fcr Rettungswissenschaften e.V.<\/a><\/li>\n<li><a href=\"https:\/\/dve.info\/der-dve\/der-verband\" target=\"_blank\" rel=\"noopener\">Deutscher Verband Ergotherapie (DEV)<\/a><\/li>\n<li><a href=\"https:\/\/www.fhsg.ch\/fhs.nsf\/de\/fb-gesundheit-auf-einen-blick\" target=\"_blank\" rel=\"noopener\">Fachbereich Gesundheit, FHS St. Gallen<\/a><\/li>\n<li><a href=\"https:\/\/www.hs-fresenius.de\/gesundheit-soziales\/\" target=\"_blank\" rel=\"noopener\">Fachbereich Gesundheit und Soziales, Hochschule Fresenius, Idstein<\/a><\/li>\n<li><a href=\"https:\/\/www.hs-fulda.de\/pflege-und-gesundheit\/\" target=\"_blank\" rel=\"noopener\">Fachbereich Pflege und Gesundheit, Hochschule Fulda<\/a><\/li>\n<li><a href=\"https:\/\/www.hawk-hhg.de\/sozialearbeitundgesundheit\/\" target=\"_blank\" rel=\"noopener\">Fakult\u00e4t Soziale Arbeit und Gesundheit, Hochschule f\u00fcr angewandte Wissenschaft und Kunst (HAWK), Hildesheim, Holzminden, G\u00f6ttingen<\/a><\/li>\n<li><a href=\"https:\/\/www.fh-gesundheitsberufe.at\/\" target=\"_blank\" rel=\"noopener\">FH Gesundheitsberufe O\u00d6, Linz<\/a><\/li>\n<li><a href=\"https:\/\/www.fhg-tirol.ac.at\/page.cfm?vpath=fachhochschule\/aktuell\" target=\"_blank\" rel=\"noopener\">fh Gesundheit Tirol, Innsbruck<\/a><\/li>\n<li><a href=\"https:\/\/www.fhwn.ac.at\/\" target=\"_blank\" rel=\"noopener\">Gesundheitswissenschaften, Fachhochschule Wiener Neustadt<\/a><\/li>\n<li><a href=\"https:\/\/www.hs-furtwangen.de\/studierende\/fakultaeten\/gesundheit-sicherheit-gesellschaft.html\" target=\"_blank\" rel=\"noopener\">Hochschule Furtwangen<\/a><\/li>\n<li><a href=\"https:\/\/www.hs-gesundheit.de\/\" target=\"_blank\" rel=\"noopener\">Hochschule f\u00fcr Gesundheit, Bochum<\/a><\/li>\n<li><a href=\"https:\/\/www.hv-gesundheitsfachberufe.de\/\" target=\"_blank\" rel=\"noopener\">Hochschulverbund Gesundheitsfachberufe (HVG) e.V.<\/a><\/li>\n<li><a href=\"https:\/\/www.fh-krems.ac.at\/de\/forschung\/department-of-health-sciences\/\" target=\"_blank\" rel=\"noopener\">IMC Fachhochschule Krems, Department Health Sciences<\/a><\/li>\n<li><a href=\"https:\/\/igpw.charite.de\/\" target=\"_blank\" rel=\"noopener\">Institut f\u00fcr Gesundheits- und Pflegewissenschaft, Charit\u00e9 Berlin<\/a><\/li>\n<li><a href=\"https:\/\/www.fhstp.ac.at\/forschung\/institute_bereiche\/gesundheitswissenschaften\" target=\"_blank\" rel=\"noopener\">Institut f\u00fcr Gesundheitswissenschaften, Fachhochschule St. P\u00f6lten<\/a><\/li>\n<li><a href=\"https:\/\/medizinsoziologie-reha-wissenschaft.charite.de\/\" target=\"_blank\" rel=\"noopener\">Institut f\u00fcr Medizinische Soziologie, Charit\u00e9 Universit\u00e4tsmedizin Berlin<\/a><\/li>\n<li><a href=\"https:\/\/www.fhnw.ch\/de\/die-fhnw\/hochschulen\/soziale-arbeit\/institute\/institut-soziale-arbeit-und-gesundheit\" target=\"_blank\" rel=\"noopener\">Institut Soziale Arbeit und Gesundheit, Hochschule f\u00fcr Soziale Arbeit FHNW<\/a><\/li>\n<li><a href=\"https:\/\/www.eufh.de\/\" target=\"_blank\" rel=\"noopener\">Europ\u00e4ische Fachhochschule Rhein\/Erft<\/a><\/li>\n<li><a href=\"https:\/\/www.hs-bremen.de\/internet\/de\/studium\/stg\/atw\/\" target=\"_blank\" rel=\"noopener\">Studiengang Angewandte Therapiewissenschaften Logop\u00e4die und Physiotherapie, Hochschule Bremen<\/a><\/li>\n<li><a href=\"https:\/\/cemsiis.meduniwien.ac.at\/\" target=\"_blank\" rel=\"noopener\">Zentrum f\u00fcr Medizinische Statistik, Informatik und Intelligente Systeme, Medizinische Universit\u00e4t Wien<\/a><\/li>\n<\/ul>\n<\/div><\/section><\/div><div class='av-flex-placeholder'><\/div>\n<style type=\"text\/css\" data-created_by=\"avia_inline_auto\" id=\"style-css-av-gdl72-38b7a3067b9abd6a16e7f68f38618e48\">\n.flex_column.av-gdl72-38b7a3067b9abd6a16e7f68f38618e48{\nborder-radius:0px 0px 0px 0px;\npadding:0px 0px 0px 0px;\n}\n<\/style>\n<div  class='flex_column av-gdl72-38b7a3067b9abd6a16e7f68f38618e48 av_one_fourth  avia-builder-el-8  el_after_av_three_fourth  avia-builder-el-last  flex_column_table_cell av-equal-height-column av-align-top av-zero-column-padding  column-top-margin'     ><\/div><\/div><!--close column table wrapper. Autoclose: 1 --><\/p>\n","protected":false},"excerpt":{"rendered":"","protected":false},"author":7,"featured_media":0,"parent":0,"menu_order":0,"comment_status":"closed","ping_status":"closed","template":"","meta":{"footnotes":""},"class_list":["post-857","page","type-page","status-publish","hentry"],"yoast_head":"<!-- This site is optimized with the Yoast SEO plugin v27.3 - https:\/\/yoast.com\/product\/yoast-seo-wordpress\/ -->\n<title>Members - VFWG - Association for the Promotion of Science in the Health Professions<\/title>\n<meta name=\"description\" content=\"Here you can find information about the members of the Verein zur F\u00f6rderung der Wissenschaft in den Gesundheitsberufen (VFWG).\" \/>\n<meta name=\"robots\" content=\"index, follow, max-snippet:-1, max-image-preview:large, max-video-preview:-1\" \/>\n<link rel=\"canonical\" href=\"https:\/\/vfwg.info\/mitglieder\/\" \/>\n<meta property=\"og:locale\" content=\"en_US\" \/>\n<meta property=\"og:type\" content=\"article\" \/>\n<meta property=\"og:title\" content=\"Members - VFWG - Association for the Promotion of Science in the Health Professions\" \/>\n<meta property=\"og:description\" content=\"Here you can find information about the members of the Verein zur F\u00f6rderung der Wissenschaft in den Gesundheitsberufen (VFWG).\" \/>\n<meta property=\"og:url\" content=\"https:\/\/vfwg.info\/mitglieder\/\" \/>\n<meta property=\"og:site_name\" content=\"VFWG - Association for the Promotion of Science in the Health Professions\" \/>\n<meta property=\"article:modified_time\" content=\"2023-10-05T06:53:10+00:00\" \/>\n<meta name=\"twitter:card\" content=\"summary_large_image\" \/>\n<meta name=\"twitter:label1\" content=\"Est. reading time\" \/>\n\t<meta name=\"twitter:data1\" content=\"8 minutes\" \/>\n<script type=\"application\/ld+json\" class=\"yoast-schema-graph\">{\"@context\":\"https:\\\/\\\/schema.org\",\"@graph\":[{\"@type\":\"WebPage\",\"@id\":\"https:\\\/\\\/vfwg.info\\\/mitglieder\\\/\",\"url\":\"https:\\\/\\\/vfwg.info\\\/mitglieder\\\/\",\"name\":\"Members - VFWG - Association for the Promotion of Science in the Health Professions\",\"isPartOf\":{\"@id\":\"https:\\\/\\\/vfwg.info\\\/#website\"},\"datePublished\":\"2021-11-10T12:13:32+00:00\",\"dateModified\":\"2023-10-05T06:53:10+00:00\",\"description\":\"Here you can find information about the members of the Verein zur F\u00f6rderung der Wissenschaft in den Gesundheitsberufen (VFWG).\",\"breadcrumb\":{\"@id\":\"https:\\\/\\\/vfwg.info\\\/mitglieder\\\/#breadcrumb\"},\"inLanguage\":\"en-US\",\"potentialAction\":[{\"@type\":\"ReadAction\",\"target\":[\"https:\\\/\\\/vfwg.info\\\/mitglieder\\\/\"]}]},{\"@type\":\"BreadcrumbList\",\"@id\":\"https:\\\/\\\/vfwg.info\\\/mitglieder\\\/#breadcrumb\",\"itemListElement\":[{\"@type\":\"ListItem\",\"position\":1,\"name\":\"Startseite\",\"item\":\"https:\\\/\\\/vfwg.info\\\/\"},{\"@type\":\"ListItem\",\"position\":2,\"name\":\"Members\"}]},{\"@type\":\"WebSite\",\"@id\":\"https:\\\/\\\/vfwg.info\\\/#website\",\"url\":\"https:\\\/\\\/vfwg.info\\\/\",\"name\":\"VFWG - Association for the Promotion of Science in the Health Professions\",\"description\":\"VFWG - promoting scientific research\",\"publisher\":{\"@id\":\"https:\\\/\\\/vfwg.info\\\/#organization\"},\"potentialAction\":[{\"@type\":\"SearchAction\",\"target\":{\"@type\":\"EntryPoint\",\"urlTemplate\":\"https:\\\/\\\/vfwg.info\\\/?s={search_term_string}\"},\"query-input\":{\"@type\":\"PropertyValueSpecification\",\"valueRequired\":true,\"valueName\":\"search_term_string\"}}],\"inLanguage\":\"en-US\"},{\"@type\":\"Organization\",\"@id\":\"https:\\\/\\\/vfwg.info\\\/#organization\",\"name\":\"VFWG - Verein zur F\u00f6rderung der Wissenschaft in den Gesundheitsberufen\",\"url\":\"https:\\\/\\\/vfwg.info\\\/\",\"logo\":{\"@type\":\"ImageObject\",\"inLanguage\":\"en-US\",\"@id\":\"https:\\\/\\\/vfwg.info\\\/#\\\/schema\\\/logo\\\/image\\\/\",\"url\":\"https:\\\/\\\/vfwg.info\\\/wp-content\\\/uploads\\\/2021\\\/11\\\/vfwg-logo-1500-750.png\",\"contentUrl\":\"https:\\\/\\\/vfwg.info\\\/wp-content\\\/uploads\\\/2021\\\/11\\\/vfwg-logo-1500-750.png\",\"width\":1500,\"height\":750,\"caption\":\"VFWG - Verein zur F\u00f6rderung der Wissenschaft in den Gesundheitsberufen\"},\"image\":{\"@id\":\"https:\\\/\\\/vfwg.info\\\/#\\\/schema\\\/logo\\\/image\\\/\"}}]}<\/script>\n<!-- \/ Yoast SEO plugin. -->","yoast_head_json":{"title":"Members - VFWG - Association for the Promotion of Science in the Health Professions","description":"Here you can find information about the members of the Verein zur F\u00f6rderung der Wissenschaft in den Gesundheitsberufen (VFWG).","robots":{"index":"index","follow":"follow","max-snippet":"max-snippet:-1","max-image-preview":"max-image-preview:large","max-video-preview":"max-video-preview:-1"},"canonical":"https:\/\/vfwg.info\/mitglieder\/","og_locale":"en_US","og_type":"article","og_title":"Members - VFWG - Association for the Promotion of Science in the Health Professions","og_description":"Here you can find information about the members of the Verein zur F\u00f6rderung der Wissenschaft in den Gesundheitsberufen (VFWG).","og_url":"https:\/\/vfwg.info\/mitglieder\/","og_site_name":"VFWG - Association for the Promotion of Science in the Health Professions","article_modified_time":"2023-10-05T06:53:10+00:00","twitter_card":"summary_large_image","twitter_misc":{"Est. reading time":"8 minutes"},"schema":{"@context":"https:\/\/schema.org","@graph":[{"@type":"WebPage","@id":"https:\/\/vfwg.info\/mitglieder\/","url":"https:\/\/vfwg.info\/mitglieder\/","name":"Members - VFWG - Association for the Promotion of Science in the Health Professions","isPartOf":{"@id":"https:\/\/vfwg.info\/#website"},"datePublished":"2021-11-10T12:13:32+00:00","dateModified":"2023-10-05T06:53:10+00:00","description":"Here you can find information about the members of the Verein zur F\u00f6rderung der Wissenschaft in den Gesundheitsberufen (VFWG).","breadcrumb":{"@id":"https:\/\/vfwg.info\/mitglieder\/#breadcrumb"},"inLanguage":"en-US","potentialAction":[{"@type":"ReadAction","target":["https:\/\/vfwg.info\/mitglieder\/"]}]},{"@type":"BreadcrumbList","@id":"https:\/\/vfwg.info\/mitglieder\/#breadcrumb","itemListElement":[{"@type":"ListItem","position":1,"name":"Startseite","item":"https:\/\/vfwg.info\/"},{"@type":"ListItem","position":2,"name":"Members"}]},{"@type":"WebSite","@id":"https:\/\/vfwg.info\/#website","url":"https:\/\/vfwg.info\/","name":"VFWG - Association for the Promotion of Science in the Health Professions","description":"VFWG - promoting scientific research","publisher":{"@id":"https:\/\/vfwg.info\/#organization"},"potentialAction":[{"@type":"SearchAction","target":{"@type":"EntryPoint","urlTemplate":"https:\/\/vfwg.info\/?s={search_term_string}"},"query-input":{"@type":"PropertyValueSpecification","valueRequired":true,"valueName":"search_term_string"}}],"inLanguage":"en-US"},{"@type":"Organization","@id":"https:\/\/vfwg.info\/#organization","name":"VFWG - Verein zur F\u00f6rderung der Wissenschaft in den Gesundheitsberufen","url":"https:\/\/vfwg.info\/","logo":{"@type":"ImageObject","inLanguage":"en-US","@id":"https:\/\/vfwg.info\/#\/schema\/logo\/image\/","url":"https:\/\/vfwg.info\/wp-content\/uploads\/2021\/11\/vfwg-logo-1500-750.png","contentUrl":"https:\/\/vfwg.info\/wp-content\/uploads\/2021\/11\/vfwg-logo-1500-750.png","width":1500,"height":750,"caption":"VFWG - Verein zur F\u00f6rderung der Wissenschaft in den Gesundheitsberufen"},"image":{"@id":"https:\/\/vfwg.info\/#\/schema\/logo\/image\/"}}]}},"_links":{"self":[{"href":"https:\/\/vfwg.info\/en\/wp-json\/wp\/v2\/pages\/857","targetHints":{"allow":["GET"]}}],"collection":[{"href":"https:\/\/vfwg.info\/en\/wp-json\/wp\/v2\/pages"}],"about":[{"href":"https:\/\/vfwg.info\/en\/wp-json\/wp\/v2\/types\/page"}],"author":[{"embeddable":true,"href":"https:\/\/vfwg.info\/en\/wp-json\/wp\/v2\/users\/7"}],"replies":[{"embeddable":true,"href":"https:\/\/vfwg.info\/en\/wp-json\/wp\/v2\/comments?post=857"}],"version-history":[{"count":16,"href":"https:\/\/vfwg.info\/en\/wp-json\/wp\/v2\/pages\/857\/revisions"}],"predecessor-version":[{"id":1489,"href":"https:\/\/vfwg.info\/en\/wp-json\/wp\/v2\/pages\/857\/revisions\/1489"}],"wp:attachment":[{"href":"https:\/\/vfwg.info\/en\/wp-json\/wp\/v2\/media?parent=857"}],"curies":[{"name":"wp","href":"https:\/\/api.w.org\/{rel}","templated":true}]}}